{"id":1096,"date":"2026-02-05T13:58:05","date_gmt":"2026-02-05T13:58:05","guid":{"rendered":"https:\/\/efsolit.in\/itik\/?page_id=1096"},"modified":"2026-02-25T11:46:59","modified_gmt":"2026-02-25T11:46:59","slug":"strategic-planning-and-governance","status":"publish","type":"page","link":"https:\/\/efsolit.in\/itik\/strategic-planning-and-governance\/","title":{"rendered":"STRATEGIC PLANNING AND GOVERNANCE"},"content":{"rendered":"\t\t<div data-elementor-type=\"wp-page\" data-elementor-id=\"1096\" class=\"elementor elementor-1096\">\n\t\t\t\t\t\t<section class=\"elementor-section elementor-top-section elementor-element elementor-element-9a8fac1 elementor-section-boxed elementor-section-height-default elementor-section-height-default wpr-particle-no wpr-jarallax-no wpr-parallax-no wpr-sticky-section-no\" data-id=\"9a8fac1\" data-element_type=\"section\" data-settings=\"{&quot;background_background&quot;:&quot;classic&quot;}\">\n\t\t\t\t\t\t\t<div class=\"elementor-background-overlay\"><\/div>\n\t\t\t\t\t\t\t<div class=\"elementor-container elementor-column-gap-default\">\n\t\t\t\t\t<div class=\"elementor-column elementor-col-100 elementor-top-column elementor-element elementor-element-b533770\" data-id=\"b533770\" data-element_type=\"column\">\n\t\t\t<div class=\"elementor-widget-wrap elementor-element-populated\">\n\t\t\t\t\t\t<div class=\"elementor-element elementor-element-74ea490 elementor-widget elementor-widget-heading\" data-id=\"74ea490\" data-element_type=\"widget\" data-widget_type=\"heading.default\">\n\t\t\t\t\t<h2 class=\"elementor-heading-title elementor-size-default\">PLANIFICACI\u00d3 ESTRAT\u00c8GICA I GOVERNAN\u00c7A\n<\/h2>\t\t\t\t<\/div>\n\t\t\t\t\t<\/div>\n\t\t<\/div>\n\t\t\t\t\t<\/div>\n\t\t<\/section>\n\t\t\t\t<section class=\"elementor-section elementor-top-section elementor-element elementor-element-58c6977 elementor-section-boxed elementor-section-height-default elementor-section-height-default wpr-particle-no wpr-jarallax-no wpr-parallax-no wpr-sticky-section-no\" data-id=\"58c6977\" data-element_type=\"section\" data-settings=\"{&quot;background_background&quot;:&quot;classic&quot;}\">\n\t\t\t\t\t\t<div class=\"elementor-container elementor-column-gap-default\">\n\t\t\t\t\t<div class=\"elementor-column elementor-col-100 elementor-top-column elementor-element elementor-element-f623fe1\" data-id=\"f623fe1\" data-element_type=\"column\">\n\t\t\t<div class=\"elementor-widget-wrap elementor-element-populated\">\n\t\t\t\t\t\t<section class=\"elementor-section elementor-inner-section elementor-element elementor-element-8cc6f1e elementor-section-boxed elementor-section-height-default elementor-section-height-default wpr-particle-no wpr-jarallax-no wpr-parallax-no wpr-sticky-section-no\" data-id=\"8cc6f1e\" data-element_type=\"section\">\n\t\t\t\t\t\t<div class=\"elementor-container elementor-column-gap-no\">\n\t\t\t\t\t<div class=\"elementor-column elementor-col-100 elementor-inner-column elementor-element elementor-element-6784946\" data-id=\"6784946\" data-element_type=\"column\" data-settings=\"{&quot;background_background&quot;:&quot;classic&quot;}\">\n\t\t\t<div class=\"elementor-widget-wrap elementor-element-populated\">\n\t\t\t\t\t\t<div class=\"elementor-element elementor-element-4591b7c elementor-widget elementor-widget-text-editor\" data-id=\"4591b7c\" data-element_type=\"widget\" data-widget_type=\"text-editor.default\">\n\t\t\t\t\t\t\t\t\t<p>Activem processos de reflexi\u00f3 estrat\u00e8gica a mida, adaptats a la realitat de cada organitzaci\u00f3, ja sigui a nivell sectorial, organitzatiu o d\u2019equipaments esportius. Analitzem el teu context, llegim les tend\u00e8ncies abans que siguin evidents i les convertim en decisions clares i accionables. El resultat: un pla d\u2019acci\u00f3 realista, implementable i orientat a impacte, que genera resultats mesurables avui i sostenibles dem\u00e0.<\/p>\t\t\t\t\t\t\t\t<\/div>\n\t\t\t\t<div class=\"elementor-element elementor-element-d5111e3 elementor-icon-list--layout-traditional elementor-list-item-link-full_width elementor-widget elementor-widget-icon-list\" data-id=\"d5111e3\" data-element_type=\"widget\" data-widget_type=\"icon-list.default\">\n\t\t\t\t\t\t\t<ul class=\"elementor-icon-list-items\">\n\t\t\t\t\t\t\t<li class=\"elementor-icon-list-item\">\n\t\t\t\t\t\t\t\t\t\t\t<span class=\"elementor-icon-list-icon\">\n\t\t\t\t\t\t\t<svg class=\"ekit-svg-icon icon-check\" viewBox=\"0 0 32 32\" xmlns=\"http:\/\/www.w3.org\/2000\/svg\"><path d=\"M31.512 6.162l-1.706-1.706c-0.488-0.487-1.219-0.487-1.706 0h-0.125l-16.331 16.925c-0.244 0.244-0.606 0.244-0.85 0l-6.7-7.188-0.119-0.119c-0.487-0.488-1.219-0.488-1.706 0l-1.706 1.706c-0.244 0.244-0.362 0.606-0.362 0.85s0.119 0.613 0.362 0.856l0.256 0.369 9.5 10.238c0.244 0.244 0.481 0.369 0.85 0.369 0.363 0 0.606-0.125 0.85-0.369l19.494-20.225c0.488-0.487 0.488-1.219 0-1.706z\"><\/path><\/svg>\t\t\t\t\t\t<\/span>\n\t\t\t\t\t\t\t\t\t\t<span class=\"elementor-icon-list-text\">Plans de l\u2019Esport Local i Territorials<\/span>\n\t\t\t\t\t\t\t\t\t<\/li>\n\t\t\t\t\t\t\t\t<li class=\"elementor-icon-list-item\">\n\t\t\t\t\t\t\t\t\t\t\t<span class=\"elementor-icon-list-icon\">\n\t\t\t\t\t\t\t<svg class=\"ekit-svg-icon icon-check\" viewBox=\"0 0 32 32\" xmlns=\"http:\/\/www.w3.org\/2000\/svg\"><path d=\"M31.512 6.162l-1.706-1.706c-0.488-0.487-1.219-0.487-1.706 0h-0.125l-16.331 16.925c-0.244 0.244-0.606 0.244-0.85 0l-6.7-7.188-0.119-0.119c-0.487-0.488-1.219-0.488-1.706 0l-1.706 1.706c-0.244 0.244-0.362 0.606-0.362 0.85s0.119 0.613 0.362 0.856l0.256 0.369 9.5 10.238c0.244 0.244 0.481 0.369 0.85 0.369 0.363 0 0.606-0.125 0.85-0.369l19.494-20.225c0.488-0.487 0.488-1.219 0-1.706z\"><\/path><\/svg>\t\t\t\t\t\t<\/span>\n\t\t\t\t\t\t\t\t\t\t<span class=\"elementor-icon-list-text\">Plans estrat\u00e8gics per organitzacions (ajuntaments, clubs esportius, federacions)<\/span>\n\t\t\t\t\t\t\t\t\t<\/li>\n\t\t\t\t\t\t\t\t<li class=\"elementor-icon-list-item\">\n\t\t\t\t\t\t\t\t\t\t\t<span class=\"elementor-icon-list-icon\">\n\t\t\t\t\t\t\t<svg class=\"ekit-svg-icon icon-check\" viewBox=\"0 0 32 32\" xmlns=\"http:\/\/www.w3.org\/2000\/svg\"><path d=\"M31.512 6.162l-1.706-1.706c-0.488-0.487-1.219-0.487-1.706 0h-0.125l-16.331 16.925c-0.244 0.244-0.606 0.244-0.85 0l-6.7-7.188-0.119-0.119c-0.487-0.488-1.219-0.488-1.706 0l-1.706 1.706c-0.244 0.244-0.362 0.606-0.362 0.85s0.119 0.613 0.362 0.856l0.256 0.369 9.5 10.238c0.244 0.244 0.481 0.369 0.85 0.369 0.363 0 0.606-0.125 0.85-0.369l19.494-20.225c0.488-0.487 0.488-1.219 0-1.706z\"><\/path><\/svg>\t\t\t\t\t\t<\/span>\n\t\t\t\t\t\t\t\t\t\t<span class=\"elementor-icon-list-text\">Planificaci\u00f3 territorial dels equipaments esportius<\/span>\n\t\t\t\t\t\t\t\t\t<\/li>\n\t\t\t\t\t\t\t\t<li class=\"elementor-icon-list-item\">\n\t\t\t\t\t\t\t\t\t\t\t<span class=\"elementor-icon-list-icon\">\n\t\t\t\t\t\t\t<svg class=\"ekit-svg-icon icon-check\" viewBox=\"0 0 32 32\" xmlns=\"http:\/\/www.w3.org\/2000\/svg\"><path d=\"M31.512 6.162l-1.706-1.706c-0.488-0.487-1.219-0.487-1.706 0h-0.125l-16.331 16.925c-0.244 0.244-0.606 0.244-0.85 0l-6.7-7.188-0.119-0.119c-0.487-0.488-1.219-0.488-1.706 0l-1.706 1.706c-0.244 0.244-0.362 0.606-0.362 0.85s0.119 0.613 0.362 0.856l0.256 0.369 9.5 10.238c0.244 0.244 0.481 0.369 0.85 0.369 0.363 0 0.606-0.125 0.85-0.369l19.494-20.225c0.488-0.487 0.488-1.219 0-1.706z\"><\/path><\/svg>\t\t\t\t\t\t<\/span>\n\t\t\t\t\t\t\t\t\t\t<span class=\"elementor-icon-list-text\">Documents per a la planificaci\u00f3 esportiva d\u2019una instal\u00b7laci\u00f3<\/span>\n\t\t\t\t\t\t\t\t\t<\/li>\n\t\t\t\t\t\t\t\t<li class=\"elementor-icon-list-item\">\n\t\t\t\t\t\t\t\t\t\t\t<span class=\"elementor-icon-list-icon\">\n\t\t\t\t\t\t\t<svg class=\"ekit-svg-icon icon-check\" viewBox=\"0 0 32 32\" xmlns=\"http:\/\/www.w3.org\/2000\/svg\"><path d=\"M31.512 6.162l-1.706-1.706c-0.488-0.487-1.219-0.487-1.706 0h-0.125l-16.331 16.925c-0.244 0.244-0.606 0.244-0.85 0l-6.7-7.188-0.119-0.119c-0.487-0.488-1.219-0.488-1.706 0l-1.706 1.706c-0.244 0.244-0.362 0.606-0.362 0.85s0.119 0.613 0.362 0.856l0.256 0.369 9.5 10.238c0.244 0.244 0.481 0.369 0.85 0.369 0.363 0 0.606-0.125 0.85-0.369l19.494-20.225c0.488-0.487 0.488-1.219 0-1.706z\"><\/path><\/svg>\t\t\t\t\t\t<\/span>\n\t\t\t\t\t\t\t\t\t\t<span class=\"elementor-icon-list-text\">Gesti\u00f3 del canvi en organitzacions esportives<\/span>\n\t\t\t\t\t\t\t\t\t<\/li>\n\t\t\t\t\t\t<\/ul>\n\t\t\t\t\t\t<\/div>\n\t\t\t\t\t<\/div>\n\t\t<\/div>\n\t\t\t\t\t<\/div>\n\t\t<\/section>\n\t\t\t\t\t<\/div>\n\t\t<\/div>\n\t\t\t\t\t<\/div>\n\t\t<\/section>\n\t\t\t\t<section class=\"elementor-section elementor-top-section elementor-element elementor-element-5e8f9b7 elementor-section-boxed elementor-section-height-default elementor-section-height-default wpr-particle-no wpr-jarallax-no wpr-parallax-no wpr-sticky-section-no\" data-id=\"5e8f9b7\" data-element_type=\"section\" data-settings=\"{&quot;background_background&quot;:&quot;classic&quot;}\">\n\t\t\t\t\t\t\t<div class=\"elementor-background-overlay\"><\/div>\n\t\t\t\t\t\t\t<div class=\"elementor-container elementor-column-gap-default\">\n\t\t\t\t\t<div class=\"elementor-column elementor-col-100 elementor-top-column elementor-element elementor-element-9850693\" data-id=\"9850693\" data-element_type=\"column\">\n\t\t\t<div class=\"elementor-widget-wrap elementor-element-populated\">\n\t\t\t\t\t\t<div class=\"elementor-element elementor-element-20175e3 elementor-invisible elementor-widget elementor-widget-heading\" data-id=\"20175e3\" data-element_type=\"widget\" data-settings=\"{&quot;_animation&quot;:&quot;zoomIn&quot;}\" data-widget_type=\"heading.default\">\n\t\t\t\t\t<h2 class=\"elementor-heading-title elementor-size-default\"><a href=\"#\">NECESSITES AJUDA?\n<\/a><\/h2>\t\t\t\t<\/div>\n\t\t\t\t<div class=\"elementor-element elementor-element-2f1b5c3 elementor-widget-divider--separator-type-pattern elementor-widget-divider--no-spacing elementor-widget-divider--view-line elementor-widget elementor-widget-divider\" data-id=\"2f1b5c3\" data-element_type=\"widget\" data-widget_type=\"divider.default\">\n\t\t\t\t\t\t\t<div class=\"elementor-divider\" style=\"--divider-pattern-url: url(&quot;data:image\/svg+xml,%3Csvg xmlns=&#039;http:\/\/www.w3.org\/2000\/svg&#039; preserveAspectRatio=&#039;xMidYMid meet&#039; overflow=&#039;visible&#039; height=&#039;100%&#039; viewBox=&#039;0 0 120 26&#039; fill=&#039;black&#039; stroke=&#039;none&#039;%3E%3Cpolygon points=&#039;0,14.4 0,21 11.5,12.4 21.3,20 30.4,11.1 40.3,20 51,12.4 60.6,20 69.6,11.1 79.3,20 90.1,12.4 99.6,20 109.7,11.1 120,21 120,14.4 109.7,5 99.6,13 90.1,5 79.3,14.5 71,5.7 60.6,12.4 51,5 40.3,14.5 31.1,5 21.3,13 11.5,5 \t&#039;\/%3E%3C\/svg%3E&quot;);\">\n\t\t\t<span class=\"elementor-divider-separator\">\n\t\t\t\t\t\t<\/span>\n\t\t<\/div>\n\t\t\t\t\t\t<\/div>\n\t\t\t\t<div class=\"elementor-element elementor-element-ba6eccd elementor-widget elementor-widget-text-editor\" data-id=\"ba6eccd\" data-element_type=\"widget\" data-widget_type=\"text-editor.default\">\n\t\t\t\t\t\t\t\t\t<p>Som un equip amb una visi\u00f3 estrat\u00e8gica i una manera clara de fer les coses: escoltar, analitzar i construir solucions personalitzades.<\/p>\t\t\t\t\t\t\t\t<\/div>\n\t\t\t\t<div class=\"elementor-element elementor-element-7a63440 elementor-align-center elementor-widget elementor-widget-button\" data-id=\"7a63440\" data-element_type=\"widget\" data-widget_type=\"button.default\">\n\t\t\t\t\t\t\t\t\t\t<a class=\"elementor-button elementor-button-link elementor-size-sm\" href=\"https:\/\/efsolit.in\/itik\/contact\/\">\n\t\t\t\t\t\t<span class=\"elementor-button-content-wrapper\">\n\t\t\t\t\t\t\t\t\t<span class=\"elementor-button-text\">CONTACTA'NS<\/span>\n\t\t\t\t\t<\/span>\n\t\t\t\t\t<\/a>\n\t\t\t\t\t\t\t\t<\/div>\n\t\t\t\t\t<\/div>\n\t\t<\/div>\n\t\t\t\t\t<\/div>\n\t\t<\/section>\n\t\t\t\t<\/div>\n\t\t","protected":false},"excerpt":{"rendered":"<p>PLANIFICACI\u00d3 ESTRAT\u00c8GICA I GOVERNAN\u00c7A Activem processos de reflexi\u00f3 estrat\u00e8gica a mida, adaptats a la realitat de cada organitzaci\u00f3, ja sigui a nivell sectorial, organitzatiu o d\u2019equipaments esportius. Analitzem el teu context, llegim les tend\u00e8ncies abans que siguin evidents i les convertim en decisions clares i accionables. El resultat: un pla d\u2019acci\u00f3 realista, implementable i orientat a impacte, que genera resultats<\/p>\n","protected":false},"author":1,"featured_media":0,"parent":0,"menu_order":0,"comment_status":"closed","ping_status":"closed","template":"elementor_header_footer","meta":{"_acf_changed":false,"footnotes":""},"class_list":["post-1096","page","type-page","status-publish","hentry"],"acf":[],"aioseo_notices":[],"_links":{"self":[{"href":"https:\/\/efsolit.in\/itik\/wp-json\/wp\/v2\/pages\/1096","targetHints":{"allow":["GET"]}}],"collection":[{"href":"https:\/\/efsolit.in\/itik\/wp-json\/wp\/v2\/pages"}],"about":[{"href":"https:\/\/efsolit.in\/itik\/wp-json\/wp\/v2\/types\/page"}],"author":[{"embeddable":true,"href":"https:\/\/efsolit.in\/itik\/wp-json\/wp\/v2\/users\/1"}],"replies":[{"embeddable":true,"href":"https:\/\/efsolit.in\/itik\/wp-json\/wp\/v2\/comments?post=1096"}],"version-history":[{"count":26,"href":"https:\/\/efsolit.in\/itik\/wp-json\/wp\/v2\/pages\/1096\/revisions"}],"predecessor-version":[{"id":2035,"href":"https:\/\/efsolit.in\/itik\/wp-json\/wp\/v2\/pages\/1096\/revisions\/2035"}],"wp:attachment":[{"href":"https:\/\/efsolit.in\/itik\/wp-json\/wp\/v2\/media?parent=1096"}],"curies":[{"name":"wp","href":"https:\/\/api.w.org\/{rel}","templated":true}]}}