{"id":664,"date":"2026-01-30T07:13:36","date_gmt":"2026-01-30T07:13:36","guid":{"rendered":"https:\/\/efsolit.in\/itik\/?page_id=664"},"modified":"2026-02-25T11:48:40","modified_gmt":"2026-02-25T11:48:40","slug":"economic-and-financial-studies","status":"publish","type":"page","link":"https:\/\/efsolit.in\/itik\/economic-and-financial-studies\/","title":{"rendered":"ECONOMIC AND FINANCIAL STUDIES"},"content":{"rendered":"\t\t<div data-elementor-type=\"wp-page\" data-elementor-id=\"664\" class=\"elementor elementor-664\">\n\t\t\t\t\t\t<section class=\"elementor-section elementor-top-section elementor-element elementor-element-e2df518 elementor-section-boxed elementor-section-height-default elementor-section-height-default wpr-particle-no wpr-jarallax-no wpr-parallax-no wpr-sticky-section-no\" data-id=\"e2df518\" data-element_type=\"section\" data-settings=\"{&quot;background_background&quot;:&quot;classic&quot;}\">\n\t\t\t\t\t\t\t<div class=\"elementor-background-overlay\"><\/div>\n\t\t\t\t\t\t\t<div class=\"elementor-container elementor-column-gap-default\">\n\t\t\t\t\t<div class=\"elementor-column elementor-col-100 elementor-top-column elementor-element elementor-element-b6f6da0\" data-id=\"b6f6da0\" data-element_type=\"column\">\n\t\t\t<div class=\"elementor-widget-wrap elementor-element-populated\">\n\t\t\t\t\t\t<div class=\"elementor-element elementor-element-4fffe8f elementor-widget elementor-widget-heading\" data-id=\"4fffe8f\" data-element_type=\"widget\" data-widget_type=\"heading.default\">\n\t\t\t\t\t<h2 class=\"elementor-heading-title elementor-size-default\">ESTUDIS ECON\u00d2MICS I FINANCERS \n<\/h2>\t\t\t\t<\/div>\n\t\t\t\t\t<\/div>\n\t\t<\/div>\n\t\t\t\t\t<\/div>\n\t\t<\/section>\n\t\t\t\t<section class=\"elementor-section elementor-top-section elementor-element elementor-element-1c243dd elementor-section-boxed elementor-section-height-default elementor-section-height-default wpr-particle-no wpr-jarallax-no wpr-parallax-no wpr-sticky-section-no\" data-id=\"1c243dd\" data-element_type=\"section\" data-settings=\"{&quot;background_background&quot;:&quot;classic&quot;}\">\n\t\t\t\t\t\t<div class=\"elementor-container elementor-column-gap-default\">\n\t\t\t\t\t<div class=\"elementor-column elementor-col-100 elementor-top-column elementor-element elementor-element-f3eab17\" data-id=\"f3eab17\" data-element_type=\"column\">\n\t\t\t<div class=\"elementor-widget-wrap elementor-element-populated\">\n\t\t\t\t\t\t<section class=\"elementor-section elementor-inner-section elementor-element elementor-element-b90e064 elementor-section-boxed elementor-section-height-default elementor-section-height-default wpr-particle-no wpr-jarallax-no wpr-parallax-no wpr-sticky-section-no\" data-id=\"b90e064\" data-element_type=\"section\">\n\t\t\t\t\t\t<div class=\"elementor-container elementor-column-gap-no\">\n\t\t\t\t\t<div class=\"elementor-column elementor-col-100 elementor-inner-column elementor-element elementor-element-45d0690\" data-id=\"45d0690\" data-element_type=\"column\" data-settings=\"{&quot;background_background&quot;:&quot;classic&quot;}\">\n\t\t\t<div class=\"elementor-widget-wrap elementor-element-populated\">\n\t\t\t\t\t\t<div class=\"elementor-element elementor-element-4537356 elementor-widget elementor-widget-text-editor\" data-id=\"4537356\" data-element_type=\"widget\" data-widget_type=\"text-editor.default\">\n\t\t\t\t\t\t\t\t\t<p>Analitzem la rendibilitat i la viabilitat del teu projecte esportiu o instal\u00b7laci\u00f3 des d\u2019una mirada integral: ingressos, despeses i escenaris d\u2019inversi\u00f3, incorporant l\u2019impacte econ\u00f2mic, esportiu, social, de g\u00e8nere i mediambiental. No ens quedem nom\u00e9s amb els n\u00fameros: els convertim en criteris de decisi\u00f3. A m\u00e9s, t\u2019acompanyem en la recerca de finan\u00e7ament, desenvolupant aix\u00ed estudis integrals que garanteixin projectes realistes i sostenibles.<\/p>\t\t\t\t\t\t\t\t<\/div>\n\t\t\t\t<div class=\"elementor-element elementor-element-c02acf6 elementor-icon-list--layout-traditional elementor-list-item-link-full_width elementor-widget elementor-widget-icon-list\" data-id=\"c02acf6\" data-element_type=\"widget\" data-widget_type=\"icon-list.default\">\n\t\t\t\t\t\t\t<ul class=\"elementor-icon-list-items\">\n\t\t\t\t\t\t\t<li class=\"elementor-icon-list-item\">\n\t\t\t\t\t\t\t\t\t\t\t<span class=\"elementor-icon-list-icon\">\n\t\t\t\t\t\t\t<svg class=\"ekit-svg-icon icon-check\" viewBox=\"0 0 32 32\" xmlns=\"http:\/\/www.w3.org\/2000\/svg\"><path d=\"M31.512 6.162l-1.706-1.706c-0.488-0.487-1.219-0.487-1.706 0h-0.125l-16.331 16.925c-0.244 0.244-0.606 0.244-0.85 0l-6.7-7.188-0.119-0.119c-0.487-0.488-1.219-0.488-1.706 0l-1.706 1.706c-0.244 0.244-0.362 0.606-0.362 0.85s0.119 0.613 0.362 0.856l0.256 0.369 9.5 10.238c0.244 0.244 0.481 0.369 0.85 0.369 0.363 0 0.606-0.125 0.85-0.369l19.494-20.225c0.488-0.487 0.488-1.219 0-1.706z\"><\/path><\/svg>\t\t\t\t\t\t<\/span>\n\t\t\t\t\t\t\t\t\t\t<span class=\"elementor-icon-list-text\">Estudis de viabilitat de Complexos Esportius Municipals<\/span>\n\t\t\t\t\t\t\t\t\t<\/li>\n\t\t\t\t\t\t\t\t<li class=\"elementor-icon-list-item\">\n\t\t\t\t\t\t\t\t\t\t\t<span class=\"elementor-icon-list-icon\">\n\t\t\t\t\t\t\t<svg class=\"ekit-svg-icon icon-check\" viewBox=\"0 0 32 32\" xmlns=\"http:\/\/www.w3.org\/2000\/svg\"><path d=\"M31.512 6.162l-1.706-1.706c-0.488-0.487-1.219-0.487-1.706 0h-0.125l-16.331 16.925c-0.244 0.244-0.606 0.244-0.85 0l-6.7-7.188-0.119-0.119c-0.487-0.488-1.219-0.488-1.706 0l-1.706 1.706c-0.244 0.244-0.362 0.606-0.362 0.85s0.119 0.613 0.362 0.856l0.256 0.369 9.5 10.238c0.244 0.244 0.481 0.369 0.85 0.369 0.363 0 0.606-0.125 0.85-0.369l19.494-20.225c0.488-0.487 0.488-1.219 0-1.706z\"><\/path><\/svg>\t\t\t\t\t\t<\/span>\n\t\t\t\t\t\t\t\t\t\t<span class=\"elementor-icon-list-text\">Estudis de viabilitat de clubs esportius privats<\/span>\n\t\t\t\t\t\t\t\t\t<\/li>\n\t\t\t\t\t\t\t\t<li class=\"elementor-icon-list-item\">\n\t\t\t\t\t\t\t\t\t\t\t<span class=\"elementor-icon-list-icon\">\n\t\t\t\t\t\t\t<svg class=\"ekit-svg-icon icon-check\" viewBox=\"0 0 32 32\" xmlns=\"http:\/\/www.w3.org\/2000\/svg\"><path d=\"M31.512 6.162l-1.706-1.706c-0.488-0.487-1.219-0.487-1.706 0h-0.125l-16.331 16.925c-0.244 0.244-0.606 0.244-0.85 0l-6.7-7.188-0.119-0.119c-0.487-0.488-1.219-0.488-1.706 0l-1.706 1.706c-0.244 0.244-0.362 0.606-0.362 0.85s0.119 0.613 0.362 0.856l0.256 0.369 9.5 10.238c0.244 0.244 0.481 0.369 0.85 0.369 0.363 0 0.606-0.125 0.85-0.369l19.494-20.225c0.488-0.487 0.488-1.219 0-1.706z\"><\/path><\/svg>\t\t\t\t\t\t<\/span>\n\t\t\t\t\t\t\t\t\t\t<span class=\"elementor-icon-list-text\">Estudis de viabilitat de noves instal\u00b7lacions esportives<\/span>\n\t\t\t\t\t\t\t\t\t<\/li>\n\t\t\t\t\t\t\t\t<li class=\"elementor-icon-list-item\">\n\t\t\t\t\t\t\t\t\t\t\t<span class=\"elementor-icon-list-icon\">\n\t\t\t\t\t\t\t<svg class=\"ekit-svg-icon icon-check\" viewBox=\"0 0 32 32\" xmlns=\"http:\/\/www.w3.org\/2000\/svg\"><path d=\"M31.512 6.162l-1.706-1.706c-0.488-0.487-1.219-0.487-1.706 0h-0.125l-16.331 16.925c-0.244 0.244-0.606 0.244-0.85 0l-6.7-7.188-0.119-0.119c-0.487-0.488-1.219-0.488-1.706 0l-1.706 1.706c-0.244 0.244-0.362 0.606-0.362 0.85s0.119 0.613 0.362 0.856l0.256 0.369 9.5 10.238c0.244 0.244 0.481 0.369 0.85 0.369 0.363 0 0.606-0.125 0.85-0.369l19.494-20.225c0.488-0.487 0.488-1.219 0-1.706z\"><\/path><\/svg>\t\t\t\t\t\t<\/span>\n\t\t\t\t\t\t\t\t\t\t<span class=\"elementor-icon-list-text\">Estudis de costos i efici\u00e8ncia de recursos<\/span>\n\t\t\t\t\t\t\t\t\t<\/li>\n\t\t\t\t\t\t\t\t<li class=\"elementor-icon-list-item\">\n\t\t\t\t\t\t\t\t\t\t\t<span class=\"elementor-icon-list-icon\">\n\t\t\t\t\t\t\t<svg class=\"ekit-svg-icon icon-check\" viewBox=\"0 0 32 32\" xmlns=\"http:\/\/www.w3.org\/2000\/svg\"><path d=\"M31.512 6.162l-1.706-1.706c-0.488-0.487-1.219-0.487-1.706 0h-0.125l-16.331 16.925c-0.244 0.244-0.606 0.244-0.85 0l-6.7-7.188-0.119-0.119c-0.487-0.488-1.219-0.488-1.706 0l-1.706 1.706c-0.244 0.244-0.362 0.606-0.362 0.85s0.119 0.613 0.362 0.856l0.256 0.369 9.5 10.238c0.244 0.244 0.481 0.369 0.85 0.369 0.363 0 0.606-0.125 0.85-0.369l19.494-20.225c0.488-0.487 0.488-1.219 0-1.706z\"><\/path><\/svg>\t\t\t\t\t\t<\/span>\n\t\t\t\t\t\t\t\t\t\t<span class=\"elementor-icon-list-text\">Estudis d\u2019an\u00e0lisi d\u2019impacte econ\u00f2mic<\/span>\n\t\t\t\t\t\t\t\t\t<\/li>\n\t\t\t\t\t\t\t\t<li class=\"elementor-icon-list-item\">\n\t\t\t\t\t\t\t\t\t\t\t<span class=\"elementor-icon-list-icon\">\n\t\t\t\t\t\t\t<svg class=\"ekit-svg-icon icon-check\" viewBox=\"0 0 32 32\" xmlns=\"http:\/\/www.w3.org\/2000\/svg\"><path d=\"M31.512 6.162l-1.706-1.706c-0.488-0.487-1.219-0.487-1.706 0h-0.125l-16.331 16.925c-0.244 0.244-0.606 0.244-0.85 0l-6.7-7.188-0.119-0.119c-0.487-0.488-1.219-0.488-1.706 0l-1.706 1.706c-0.244 0.244-0.362 0.606-0.362 0.85s0.119 0.613 0.362 0.856l0.256 0.369 9.5 10.238c0.244 0.244 0.481 0.369 0.85 0.369 0.363 0 0.606-0.125 0.85-0.369l19.494-20.225c0.488-0.487 0.488-1.219 0-1.706z\"><\/path><\/svg>\t\t\t\t\t\t<\/span>\n\t\t\t\t\t\t\t\t\t\t<span class=\"elementor-icon-list-text\">Acompanyament en la recerca de finan\u00e7ament<\/span>\n\t\t\t\t\t\t\t\t\t<\/li>\n\t\t\t\t\t\t<\/ul>\n\t\t\t\t\t\t<\/div>\n\t\t\t\t\t<\/div>\n\t\t<\/div>\n\t\t\t\t\t<\/div>\n\t\t<\/section>\n\t\t\t\t\t<\/div>\n\t\t<\/div>\n\t\t\t\t\t<\/div>\n\t\t<\/section>\n\t\t\t\t<section class=\"elementor-section elementor-top-section elementor-element elementor-element-11536bf elementor-section-boxed elementor-section-height-default elementor-section-height-default wpr-particle-no wpr-jarallax-no wpr-parallax-no wpr-sticky-section-no\" data-id=\"11536bf\" data-element_type=\"section\" data-settings=\"{&quot;background_background&quot;:&quot;classic&quot;}\">\n\t\t\t\t\t\t\t<div class=\"elementor-background-overlay\"><\/div>\n\t\t\t\t\t\t\t<div class=\"elementor-container elementor-column-gap-default\">\n\t\t\t\t\t<div class=\"elementor-column elementor-col-100 elementor-top-column elementor-element elementor-element-aabc28c\" data-id=\"aabc28c\" data-element_type=\"column\">\n\t\t\t<div class=\"elementor-widget-wrap elementor-element-populated\">\n\t\t\t\t\t\t<div class=\"elementor-element elementor-element-56e78f5 elementor-invisible elementor-widget elementor-widget-heading\" data-id=\"56e78f5\" data-element_type=\"widget\" data-settings=\"{&quot;_animation&quot;:&quot;zoomIn&quot;}\" data-widget_type=\"heading.default\">\n\t\t\t\t\t<h2 class=\"elementor-heading-title elementor-size-default\"><a href=\"#\">NECESSITES AJUDA?\n<\/a><\/h2>\t\t\t\t<\/div>\n\t\t\t\t<div class=\"elementor-element elementor-element-4c7b49b elementor-widget-divider--separator-type-pattern elementor-widget-divider--no-spacing elementor-widget-divider--view-line elementor-widget elementor-widget-divider\" data-id=\"4c7b49b\" data-element_type=\"widget\" data-widget_type=\"divider.default\">\n\t\t\t\t\t\t\t<div class=\"elementor-divider\" style=\"--divider-pattern-url: url(&quot;data:image\/svg+xml,%3Csvg xmlns=&#039;http:\/\/www.w3.org\/2000\/svg&#039; preserveAspectRatio=&#039;xMidYMid meet&#039; overflow=&#039;visible&#039; height=&#039;100%&#039; viewBox=&#039;0 0 120 26&#039; fill=&#039;black&#039; stroke=&#039;none&#039;%3E%3Cpolygon points=&#039;0,14.4 0,21 11.5,12.4 21.3,20 30.4,11.1 40.3,20 51,12.4 60.6,20 69.6,11.1 79.3,20 90.1,12.4 99.6,20 109.7,11.1 120,21 120,14.4 109.7,5 99.6,13 90.1,5 79.3,14.5 71,5.7 60.6,12.4 51,5 40.3,14.5 31.1,5 21.3,13 11.5,5 \t&#039;\/%3E%3C\/svg%3E&quot;);\">\n\t\t\t<span class=\"elementor-divider-separator\">\n\t\t\t\t\t\t<\/span>\n\t\t<\/div>\n\t\t\t\t\t\t<\/div>\n\t\t\t\t<div class=\"elementor-element elementor-element-6e472af elementor-widget elementor-widget-text-editor\" data-id=\"6e472af\" data-element_type=\"widget\" data-widget_type=\"text-editor.default\">\n\t\t\t\t\t\t\t\t\t<p>Som un equip amb una visi\u00f3 estrat\u00e8gica i una manera clara de fer les coses: escoltar, analitzar i construir solucions personalitzades.<\/p>\t\t\t\t\t\t\t\t<\/div>\n\t\t\t\t<div class=\"elementor-element elementor-element-7a40e18 elementor-align-center elementor-widget elementor-widget-button\" data-id=\"7a40e18\" data-element_type=\"widget\" data-widget_type=\"button.default\">\n\t\t\t\t\t\t\t\t\t\t<a class=\"elementor-button elementor-button-link elementor-size-sm\" href=\"https:\/\/efsolit.in\/itik\/contact\/\">\n\t\t\t\t\t\t<span class=\"elementor-button-content-wrapper\">\n\t\t\t\t\t\t\t\t\t<span class=\"elementor-button-text\">CONTACTA'NS<\/span>\n\t\t\t\t\t<\/span>\n\t\t\t\t\t<\/a>\n\t\t\t\t\t\t\t\t<\/div>\n\t\t\t\t\t<\/div>\n\t\t<\/div>\n\t\t\t\t\t<\/div>\n\t\t<\/section>\n\t\t\t\t<\/div>\n\t\t","protected":false},"excerpt":{"rendered":"<p>ESTUDIS ECON\u00d2MICS I FINANCERS Analitzem la rendibilitat i la viabilitat del teu projecte esportiu o instal\u00b7laci\u00f3 des d\u2019una mirada integral: ingressos, despeses i escenaris d\u2019inversi\u00f3, incorporant l\u2019impacte econ\u00f2mic, esportiu, social, de g\u00e8nere i mediambiental. No ens quedem nom\u00e9s amb els n\u00fameros: els convertim en criteris de decisi\u00f3. A m\u00e9s, t\u2019acompanyem en la recerca de finan\u00e7ament, desenvolupant aix\u00ed estudis integrals que<\/p>\n","protected":false},"author":1,"featured_media":0,"parent":0,"menu_order":0,"comment_status":"closed","ping_status":"closed","template":"elementor_header_footer","meta":{"_acf_changed":false,"footnotes":""},"class_list":["post-664","page","type-page","status-publish","hentry"],"acf":[],"aioseo_notices":[],"_links":{"self":[{"href":"https:\/\/efsolit.in\/itik\/wp-json\/wp\/v2\/pages\/664","targetHints":{"allow":["GET"]}}],"collection":[{"href":"https:\/\/efsolit.in\/itik\/wp-json\/wp\/v2\/pages"}],"about":[{"href":"https:\/\/efsolit.in\/itik\/wp-json\/wp\/v2\/types\/page"}],"author":[{"embeddable":true,"href":"https:\/\/efsolit.in\/itik\/wp-json\/wp\/v2\/users\/1"}],"replies":[{"embeddable":true,"href":"https:\/\/efsolit.in\/itik\/wp-json\/wp\/v2\/comments?post=664"}],"version-history":[{"count":35,"href":"https:\/\/efsolit.in\/itik\/wp-json\/wp\/v2\/pages\/664\/revisions"}],"predecessor-version":[{"id":1981,"href":"https:\/\/efsolit.in\/itik\/wp-json\/wp\/v2\/pages\/664\/revisions\/1981"}],"wp:attachment":[{"href":"https:\/\/efsolit.in\/itik\/wp-json\/wp\/v2\/media?parent=664"}],"curies":[{"name":"wp","href":"https:\/\/api.w.org\/{rel}","templated":true}]}}