{"id":674,"date":"2026-01-30T07:15:16","date_gmt":"2026-01-30T07:15:16","guid":{"rendered":"https:\/\/efsolit.in\/itik\/?page_id=674"},"modified":"2026-02-25T11:48:58","modified_gmt":"2026-02-25T11:48:58","slug":"sports-equipment-design-and-consultation","status":"publish","type":"page","link":"https:\/\/efsolit.in\/itik\/sports-equipment-design-and-consultation\/","title":{"rendered":"SPORTS EQUIPMENT: DESIGN AND CONSULTATION"},"content":{"rendered":"\t\t<div data-elementor-type=\"wp-page\" data-elementor-id=\"674\" class=\"elementor elementor-674\">\n\t\t\t\t\t\t<section class=\"elementor-section elementor-top-section elementor-element elementor-element-9784ec7 elementor-section-boxed elementor-section-height-default elementor-section-height-default wpr-particle-no wpr-jarallax-no wpr-parallax-no wpr-sticky-section-no\" data-id=\"9784ec7\" data-element_type=\"section\" data-settings=\"{&quot;background_background&quot;:&quot;classic&quot;}\">\n\t\t\t\t\t\t\t<div class=\"elementor-background-overlay\"><\/div>\n\t\t\t\t\t\t\t<div class=\"elementor-container elementor-column-gap-default\">\n\t\t\t\t\t<div class=\"elementor-column elementor-col-100 elementor-top-column elementor-element elementor-element-077f168\" data-id=\"077f168\" data-element_type=\"column\">\n\t\t\t<div class=\"elementor-widget-wrap elementor-element-populated\">\n\t\t\t\t\t\t<div class=\"elementor-element elementor-element-891c81f elementor-widget elementor-widget-heading\" data-id=\"891c81f\" data-element_type=\"widget\" data-widget_type=\"heading.default\">\n\t\t\t\t\t<h2 class=\"elementor-heading-title elementor-size-default\">EQUIPAMENTS ESPORTIUS: DISSENY I ASSESSORAMENT\n<\/h2>\t\t\t\t<\/div>\n\t\t\t\t\t<\/div>\n\t\t<\/div>\n\t\t\t\t\t<\/div>\n\t\t<\/section>\n\t\t\t\t<section class=\"elementor-section elementor-top-section elementor-element elementor-element-61165f3 elementor-section-boxed elementor-section-height-default elementor-section-height-default wpr-particle-no wpr-jarallax-no wpr-parallax-no wpr-sticky-section-no\" data-id=\"61165f3\" data-element_type=\"section\" data-settings=\"{&quot;background_background&quot;:&quot;classic&quot;}\">\n\t\t\t\t\t\t<div class=\"elementor-container elementor-column-gap-default\">\n\t\t\t\t\t<div class=\"elementor-column elementor-col-100 elementor-top-column elementor-element elementor-element-4f199b7\" data-id=\"4f199b7\" data-element_type=\"column\">\n\t\t\t<div class=\"elementor-widget-wrap elementor-element-populated\">\n\t\t\t\t\t\t<section class=\"elementor-section elementor-inner-section elementor-element elementor-element-bf9f359 elementor-section-boxed elementor-section-height-default elementor-section-height-default wpr-particle-no wpr-jarallax-no wpr-parallax-no wpr-sticky-section-no\" data-id=\"bf9f359\" data-element_type=\"section\">\n\t\t\t\t\t\t<div class=\"elementor-container elementor-column-gap-no\">\n\t\t\t\t\t<div class=\"elementor-column elementor-col-100 elementor-inner-column elementor-element elementor-element-3c3fc96\" data-id=\"3c3fc96\" data-element_type=\"column\" data-settings=\"{&quot;background_background&quot;:&quot;classic&quot;}\">\n\t\t\t<div class=\"elementor-widget-wrap elementor-element-populated\">\n\t\t\t\t\t\t<div class=\"elementor-element elementor-element-2ce1dfa elementor-widget elementor-widget-text-editor\" data-id=\"2ce1dfa\" data-element_type=\"widget\" data-widget_type=\"text-editor.default\">\n\t\t\t\t\t\t\t\t\t<p>Planifiquem amb precisi\u00f3 espais, necessitats, circulacions, materials i acabats a partir de l\u2019experi\u00e8ncia i una mirada funcional. T\u2019acompanyem en tot el recorregut: des de la idea inicial i el seguiment d\u2019obra fins a la preparaci\u00f3 de l\u2019obertura i la posada en marxa de la instal\u00b7laci\u00f3.<\/p><p>Si la teva instal\u00b7laci\u00f3 esportiva ja est\u00e0 en funcionament, analitzem com millorar-la i adaptar-la a les noves tend\u00e8ncies, incorporant espais i serveis que aportin m\u00e9s valor.<\/p>\t\t\t\t\t\t\t\t<\/div>\n\t\t\t\t<div class=\"elementor-element elementor-element-51ed493 elementor-icon-list--layout-traditional elementor-list-item-link-full_width elementor-widget elementor-widget-icon-list\" data-id=\"51ed493\" data-element_type=\"widget\" data-widget_type=\"icon-list.default\">\n\t\t\t\t\t\t\t<ul class=\"elementor-icon-list-items\">\n\t\t\t\t\t\t\t<li class=\"elementor-icon-list-item\">\n\t\t\t\t\t\t\t\t\t\t\t<span class=\"elementor-icon-list-icon\">\n\t\t\t\t\t\t\t<svg class=\"ekit-svg-icon icon-check\" viewBox=\"0 0 32 32\" xmlns=\"http:\/\/www.w3.org\/2000\/svg\"><path d=\"M31.512 6.162l-1.706-1.706c-0.488-0.487-1.219-0.487-1.706 0h-0.125l-16.331 16.925c-0.244 0.244-0.606 0.244-0.85 0l-6.7-7.188-0.119-0.119c-0.487-0.488-1.219-0.488-1.706 0l-1.706 1.706c-0.244 0.244-0.362 0.606-0.362 0.85s0.119 0.613 0.362 0.856l0.256 0.369 9.5 10.238c0.244 0.244 0.481 0.369 0.85 0.369 0.363 0 0.606-0.125 0.85-0.369l19.494-20.225c0.488-0.487 0.488-1.219 0-1.706z\"><\/path><\/svg>\t\t\t\t\t\t<\/span>\n\t\t\t\t\t\t\t\t\t\t<span class=\"elementor-icon-list-text\">Desenvolupament del pla de negoci d\u2019un nou centre esportiu<\/span>\n\t\t\t\t\t\t\t\t\t<\/li>\n\t\t\t\t\t\t\t\t<li class=\"elementor-icon-list-item\">\n\t\t\t\t\t\t\t\t\t\t\t<span class=\"elementor-icon-list-icon\">\n\t\t\t\t\t\t\t<svg class=\"ekit-svg-icon icon-check\" viewBox=\"0 0 32 32\" xmlns=\"http:\/\/www.w3.org\/2000\/svg\"><path d=\"M31.512 6.162l-1.706-1.706c-0.488-0.487-1.219-0.487-1.706 0h-0.125l-16.331 16.925c-0.244 0.244-0.606 0.244-0.85 0l-6.7-7.188-0.119-0.119c-0.487-0.488-1.219-0.488-1.706 0l-1.706 1.706c-0.244 0.244-0.362 0.606-0.362 0.85s0.119 0.613 0.362 0.856l0.256 0.369 9.5 10.238c0.244 0.244 0.481 0.369 0.85 0.369 0.363 0 0.606-0.125 0.85-0.369l19.494-20.225c0.488-0.487 0.488-1.219 0-1.706z\"><\/path><\/svg>\t\t\t\t\t\t<\/span>\n\t\t\t\t\t\t\t\t\t\t<span class=\"elementor-icon-list-text\">Concreci\u00f3 del programa inicial de necessitats<\/span>\n\t\t\t\t\t\t\t\t\t<\/li>\n\t\t\t\t\t\t\t\t<li class=\"elementor-icon-list-item\">\n\t\t\t\t\t\t\t\t\t\t\t<span class=\"elementor-icon-list-icon\">\n\t\t\t\t\t\t\t<svg class=\"ekit-svg-icon icon-check\" viewBox=\"0 0 32 32\" xmlns=\"http:\/\/www.w3.org\/2000\/svg\"><path d=\"M31.512 6.162l-1.706-1.706c-0.488-0.487-1.219-0.487-1.706 0h-0.125l-16.331 16.925c-0.244 0.244-0.606 0.244-0.85 0l-6.7-7.188-0.119-0.119c-0.487-0.488-1.219-0.488-1.706 0l-1.706 1.706c-0.244 0.244-0.362 0.606-0.362 0.85s0.119 0.613 0.362 0.856l0.256 0.369 9.5 10.238c0.244 0.244 0.481 0.369 0.85 0.369 0.363 0 0.606-0.125 0.85-0.369l19.494-20.225c0.488-0.487 0.488-1.219 0-1.706z\"><\/path><\/svg>\t\t\t\t\t\t<\/span>\n\t\t\t\t\t\t\t\t\t\t<span class=\"elementor-icon-list-text\">Col\u00b7laboraci\u00f3 en el projecte b\u00e0sic i executiu<\/span>\n\t\t\t\t\t\t\t\t\t<\/li>\n\t\t\t\t\t\t\t\t<li class=\"elementor-icon-list-item\">\n\t\t\t\t\t\t\t\t\t\t\t<span class=\"elementor-icon-list-icon\">\n\t\t\t\t\t\t\t<svg class=\"ekit-svg-icon icon-check\" viewBox=\"0 0 32 32\" xmlns=\"http:\/\/www.w3.org\/2000\/svg\"><path d=\"M31.512 6.162l-1.706-1.706c-0.488-0.487-1.219-0.487-1.706 0h-0.125l-16.331 16.925c-0.244 0.244-0.606 0.244-0.85 0l-6.7-7.188-0.119-0.119c-0.487-0.488-1.219-0.488-1.706 0l-1.706 1.706c-0.244 0.244-0.362 0.606-0.362 0.85s0.119 0.613 0.362 0.856l0.256 0.369 9.5 10.238c0.244 0.244 0.481 0.369 0.85 0.369 0.363 0 0.606-0.125 0.85-0.369l19.494-20.225c0.488-0.487 0.488-1.219 0-1.706z\"><\/path><\/svg>\t\t\t\t\t\t<\/span>\n\t\t\t\t\t\t\t\t\t\t<span class=\"elementor-icon-list-text\">Reorientaci\u00f3 de disseny d\u2019equipaments esportius desactualitzats<\/span>\n\t\t\t\t\t\t\t\t\t<\/li>\n\t\t\t\t\t\t\t\t<li class=\"elementor-icon-list-item\">\n\t\t\t\t\t\t\t\t\t\t\t<span class=\"elementor-icon-list-icon\">\n\t\t\t\t\t\t\t<svg class=\"ekit-svg-icon icon-check\" viewBox=\"0 0 32 32\" xmlns=\"http:\/\/www.w3.org\/2000\/svg\"><path d=\"M31.512 6.162l-1.706-1.706c-0.488-0.487-1.219-0.487-1.706 0h-0.125l-16.331 16.925c-0.244 0.244-0.606 0.244-0.85 0l-6.7-7.188-0.119-0.119c-0.487-0.488-1.219-0.488-1.706 0l-1.706 1.706c-0.244 0.244-0.362 0.606-0.362 0.85s0.119 0.613 0.362 0.856l0.256 0.369 9.5 10.238c0.244 0.244 0.481 0.369 0.85 0.369 0.363 0 0.606-0.125 0.85-0.369l19.494-20.225c0.488-0.487 0.488-1.219 0-1.706z\"><\/path><\/svg>\t\t\t\t\t\t<\/span>\n\t\t\t\t\t\t\t\t\t\t<span class=\"elementor-icon-list-text\">Suport t\u00e8cnic de projectes arquitect\u00f2nics esportius<\/span>\n\t\t\t\t\t\t\t\t\t<\/li>\n\t\t\t\t\t\t\t\t<li class=\"elementor-icon-list-item\">\n\t\t\t\t\t\t\t\t\t\t\t<span class=\"elementor-icon-list-icon\">\n\t\t\t\t\t\t\t<svg class=\"ekit-svg-icon icon-check\" viewBox=\"0 0 32 32\" xmlns=\"http:\/\/www.w3.org\/2000\/svg\"><path d=\"M31.512 6.162l-1.706-1.706c-0.488-0.487-1.219-0.487-1.706 0h-0.125l-16.331 16.925c-0.244 0.244-0.606 0.244-0.85 0l-6.7-7.188-0.119-0.119c-0.487-0.488-1.219-0.488-1.706 0l-1.706 1.706c-0.244 0.244-0.362 0.606-0.362 0.85s0.119 0.613 0.362 0.856l0.256 0.369 9.5 10.238c0.244 0.244 0.481 0.369 0.85 0.369 0.363 0 0.606-0.125 0.85-0.369l19.494-20.225c0.488-0.487 0.488-1.219 0-1.706z\"><\/path><\/svg>\t\t\t\t\t\t<\/span>\n\t\t\t\t\t\t\t\t\t\t<span class=\"elementor-icon-list-text\">Seguiment d'obra<\/span>\n\t\t\t\t\t\t\t\t\t<\/li>\n\t\t\t\t\t\t\t\t<li class=\"elementor-icon-list-item\">\n\t\t\t\t\t\t\t\t\t\t\t<span class=\"elementor-icon-list-icon\">\n\t\t\t\t\t\t\t<svg class=\"ekit-svg-icon icon-check\" viewBox=\"0 0 32 32\" xmlns=\"http:\/\/www.w3.org\/2000\/svg\"><path d=\"M31.512 6.162l-1.706-1.706c-0.488-0.487-1.219-0.487-1.706 0h-0.125l-16.331 16.925c-0.244 0.244-0.606 0.244-0.85 0l-6.7-7.188-0.119-0.119c-0.487-0.488-1.219-0.488-1.706 0l-1.706 1.706c-0.244 0.244-0.362 0.606-0.362 0.85s0.119 0.613 0.362 0.856l0.256 0.369 9.5 10.238c0.244 0.244 0.481 0.369 0.85 0.369 0.363 0 0.606-0.125 0.85-0.369l19.494-20.225c0.488-0.487 0.488-1.219 0-1.706z\"><\/path><\/svg>\t\t\t\t\t\t<\/span>\n\t\t\t\t\t\t\t\t\t\t<span class=\"elementor-icon-list-text\">Seguiment i acompanyament t\u00e8cnic en l'obertura de la instal\u00b7laci\u00f3<\/span>\n\t\t\t\t\t\t\t\t\t<\/li>\n\t\t\t\t\t\t<\/ul>\n\t\t\t\t\t\t<\/div>\n\t\t\t\t\t<\/div>\n\t\t<\/div>\n\t\t\t\t\t<\/div>\n\t\t<\/section>\n\t\t\t\t\t<\/div>\n\t\t<\/div>\n\t\t\t\t\t<\/div>\n\t\t<\/section>\n\t\t\t\t<section class=\"elementor-section elementor-top-section elementor-element elementor-element-890b605 elementor-section-boxed elementor-section-height-default elementor-section-height-default wpr-particle-no wpr-jarallax-no wpr-parallax-no wpr-sticky-section-no\" data-id=\"890b605\" data-element_type=\"section\" data-settings=\"{&quot;background_background&quot;:&quot;classic&quot;}\">\n\t\t\t\t\t\t\t<div class=\"elementor-background-overlay\"><\/div>\n\t\t\t\t\t\t\t<div class=\"elementor-container elementor-column-gap-default\">\n\t\t\t\t\t<div class=\"elementor-column elementor-col-100 elementor-top-column elementor-element elementor-element-62de659\" data-id=\"62de659\" data-element_type=\"column\">\n\t\t\t<div class=\"elementor-widget-wrap elementor-element-populated\">\n\t\t\t\t\t\t<div class=\"elementor-element elementor-element-12bd8f6 elementor-invisible elementor-widget elementor-widget-heading\" data-id=\"12bd8f6\" data-element_type=\"widget\" data-settings=\"{&quot;_animation&quot;:&quot;zoomIn&quot;}\" data-widget_type=\"heading.default\">\n\t\t\t\t\t<h2 class=\"elementor-heading-title elementor-size-default\"><a href=\"#\">NECESSITES AJUDA?\n<\/a><\/h2>\t\t\t\t<\/div>\n\t\t\t\t<div class=\"elementor-element elementor-element-e46bfe6 elementor-widget-divider--separator-type-pattern elementor-widget-divider--no-spacing elementor-widget-divider--view-line elementor-widget elementor-widget-divider\" data-id=\"e46bfe6\" data-element_type=\"widget\" data-widget_type=\"divider.default\">\n\t\t\t\t\t\t\t<div class=\"elementor-divider\" style=\"--divider-pattern-url: url(&quot;data:image\/svg+xml,%3Csvg xmlns=&#039;http:\/\/www.w3.org\/2000\/svg&#039; preserveAspectRatio=&#039;xMidYMid meet&#039; overflow=&#039;visible&#039; height=&#039;100%&#039; viewBox=&#039;0 0 120 26&#039; fill=&#039;black&#039; stroke=&#039;none&#039;%3E%3Cpolygon points=&#039;0,14.4 0,21 11.5,12.4 21.3,20 30.4,11.1 40.3,20 51,12.4 60.6,20 69.6,11.1 79.3,20 90.1,12.4 99.6,20 109.7,11.1 120,21 120,14.4 109.7,5 99.6,13 90.1,5 79.3,14.5 71,5.7 60.6,12.4 51,5 40.3,14.5 31.1,5 21.3,13 11.5,5 \t&#039;\/%3E%3C\/svg%3E&quot;);\">\n\t\t\t<span class=\"elementor-divider-separator\">\n\t\t\t\t\t\t<\/span>\n\t\t<\/div>\n\t\t\t\t\t\t<\/div>\n\t\t\t\t<div class=\"elementor-element elementor-element-8ff18e7 elementor-widget elementor-widget-text-editor\" data-id=\"8ff18e7\" data-element_type=\"widget\" data-widget_type=\"text-editor.default\">\n\t\t\t\t\t\t\t\t\t<p>Som un equip amb una visi\u00f3 estrat\u00e8gica i una manera clara de fer les coses: escoltar, analitzar i construir solucions personalitzades.<\/p>\t\t\t\t\t\t\t\t<\/div>\n\t\t\t\t<div class=\"elementor-element elementor-element-ff9b955 elementor-align-center elementor-widget elementor-widget-button\" data-id=\"ff9b955\" data-element_type=\"widget\" data-widget_type=\"button.default\">\n\t\t\t\t\t\t\t\t\t\t<a class=\"elementor-button elementor-button-link elementor-size-sm\" href=\"https:\/\/efsolit.in\/itik\/contact\/\">\n\t\t\t\t\t\t<span class=\"elementor-button-content-wrapper\">\n\t\t\t\t\t\t\t\t\t<span class=\"elementor-button-text\">CONTACTA'NS<\/span>\n\t\t\t\t\t<\/span>\n\t\t\t\t\t<\/a>\n\t\t\t\t\t\t\t\t<\/div>\n\t\t\t\t\t<\/div>\n\t\t<\/div>\n\t\t\t\t\t<\/div>\n\t\t<\/section>\n\t\t\t\t<\/div>\n\t\t","protected":false},"excerpt":{"rendered":"<p>EQUIPAMENTS ESPORTIUS: DISSENY I ASSESSORAMENT Planifiquem amb precisi\u00f3 espais, necessitats, circulacions, materials i acabats a partir de l\u2019experi\u00e8ncia i una mirada funcional. T\u2019acompanyem en tot el recorregut: des de la idea inicial i el seguiment d\u2019obra fins a la preparaci\u00f3 de l\u2019obertura i la posada en marxa de la instal\u00b7laci\u00f3. Si la teva instal\u00b7laci\u00f3 esportiva ja est\u00e0 en funcionament, analitzem<\/p>\n","protected":false},"author":1,"featured_media":0,"parent":0,"menu_order":0,"comment_status":"closed","ping_status":"closed","template":"elementor_header_footer","meta":{"_acf_changed":false,"footnotes":""},"class_list":["post-674","page","type-page","status-publish","hentry"],"acf":[],"aioseo_notices":[],"_links":{"self":[{"href":"https:\/\/efsolit.in\/itik\/wp-json\/wp\/v2\/pages\/674","targetHints":{"allow":["GET"]}}],"collection":[{"href":"https:\/\/efsolit.in\/itik\/wp-json\/wp\/v2\/pages"}],"about":[{"href":"https:\/\/efsolit.in\/itik\/wp-json\/wp\/v2\/types\/page"}],"author":[{"embeddable":true,"href":"https:\/\/efsolit.in\/itik\/wp-json\/wp\/v2\/users\/1"}],"replies":[{"embeddable":true,"href":"https:\/\/efsolit.in\/itik\/wp-json\/wp\/v2\/comments?post=674"}],"version-history":[{"count":32,"href":"https:\/\/efsolit.in\/itik\/wp-json\/wp\/v2\/pages\/674\/revisions"}],"predecessor-version":[{"id":1987,"href":"https:\/\/efsolit.in\/itik\/wp-json\/wp\/v2\/pages\/674\/revisions\/1987"}],"wp:attachment":[{"href":"https:\/\/efsolit.in\/itik\/wp-json\/wp\/v2\/media?parent=674"}],"curies":[{"name":"wp","href":"https:\/\/api.w.org\/{rel}","templated":true}]}}